{"id":2366,"date":"2015-09-23T16:04:43","date_gmt":"2015-09-23T16:04:43","guid":{"rendered":"http:\/\/hmeridiana.wpengine.com\/?page_id=2366"},"modified":"2026-04-14T17:51:48","modified_gmt":"2026-04-14T15:51:48","slug":"note-alle-liste-dei-prezzi","status":"publish","type":"page","link":"https:\/\/www.hotel-lameridiana.com\/it\/ulteriori-note-e-supplementi-alle-tariffe-estive\/","title":{"rendered":"Ulteriori note alle tariffe Estive"},"content":{"rendered":"<p>- Per una camera doppia ad uso singola sar\u00e0 applicato un supplemento compreso tra il 20% e il 100%, variabile in base al periodo e alla durata del soggiorno.<\/p>\n<p>&#8211; Nessun supplemento \u00e8 previsto per la camera singola basic classic con letto singolo.<\/p>\n<p>-Le camere dotate di balcone potrebbero essere soggette a un supplemento.<\/p>\n<p>-Garage coperto, non custodito, disponibile al costo giornaliero di \u20ac 11,00.<\/p>\n<p><strong><span style=\"text-decoration: underline;\">Area Benessere<\/span> \u00a0<\/strong>Accessibile dalla ore 12:00 alle ore 19:00 <strong>(<span style=\"text-decoration: underline; color: #ff0000;\">su prenotazione<\/span>)<\/strong><\/p>\n<p>-La zona relax del nostro centro benessere avr\u00e0 i seguenti costi a persona:<\/p>\n<p><span style=\"text-decoration: underline;\">-Per gli ospiti dell&#8217; Hotel &#8220;La Meridiana&#8221;<\/span> pacchetto 3 ingressi \u20ac 42,00 per persona, \u20ac 19,00 per persona per i singoli ingressi, saranno a vostra disposizione un morbido accappatoio, telo bagno e pantofole;<\/p>\n<p><span style=\"text-decoration: underline;\">Per gli ospiti esterni del benessere<\/span><br \/>\n-da \u20ac 25,00 a \u20ac 30,00 a persona ad ingresso sar\u00e0 a vostra disposizione il telo bagno e pantofole; su richiesta accappatoio aggiuntivo ad \u20ac 3,50;<\/p>\n<p><strong>Informazioni e condizioni:<\/strong><\/p>\n<p>&#8211; Pasti o i pernottamenti non consumati non verranno defalcati dal costo totale del soggiorno.<\/p>\n<p><span style=\"font-family: arial, helvetica, sans-serif; font-size: 10pt;\"><span style=\"color: #400040;\">&#8211; L&#8217;albergo \u00e8 ubicato in zona a traffico limitato (ZTL). <\/span><span style=\"color: #400040;\"><u>Potr\u00e0 tranquillamente varcare la ZTL, <\/u><\/span><span style=\"color: #400040;\"><u>avr\u00e0 libero accesso,<\/u><\/span><span style=\"color: #400040;\"> quando poi sar\u00e0 in reception, ci fornir\u00e0 verbalmente i dati della targa della sua auto.<\/span><\/span><\/p>\n<p><span style=\"font-family: arial, helvetica, sans-serif; font-size: 10pt;\"><span style=\"color: #400040;\"><u>&#8211; Il check in \u00e8 consentito entro le 22:00<\/u>,\u00a0<\/span><span style=\"color: #400040;\">l<\/span><span style=\"color: #400040;\">a camera e il garage saranno a vostra disposizione a partire dalle 15:30;<\/span><span style=\"color: #400040;\">\u00a0Il giorno della partenza dovranno essere liberati entro le ore 10:00; Se necessiterete di cambiarvi, potrete usufruire dei nostri spogliatoi.<\/span><\/span><\/p>\n<p><strong>Conferma della prenotazione: <\/strong><\/p>\n<p>&#8211; La prenotazione \u00e8 confermata per iscritto, l&#8217;importo da versare quale caparra sar\u00e0 sempre confermato e quantificato dalla struttura; la caparra pu\u00f2 essere versa tramite bonifico bancario o con carta di credito (Visa, MasterCard)<\/p>\n<p><strong>Politica di cancellazione:<\/strong><br \/>\n&#8211; In generale prevalgono le regole europee per soggiorni in hotel, nelle quali si informa che le disdette entro 20 giorni prima dell&#8217;arrivo non hanno penale,<\/p>\n<p><b>Condizioni di Cancellazione periodo estivo:<\/b> in caso di cancellazione della prenotazione, verranno addebitati i seguenti oneri di storno:<\/p>\n<p>Fino a 20 giorni prima dell&#8217;arrivo : Nessun onere<br \/>\nDa 19 a 14 giorni prima dell&#8217;arrivo : 50% del costo del soggiorno<br \/>\nDa 14 giorni dall\u2019arrivo o no show <b>:<\/b>\u00a0100% del costo del soggiorno<\/p>\n<p><strong>Modalit\u00e0 di Pagamento<\/strong><br \/>\nAccettiamo i seguenti metodi di pagamento:<br \/>\nPagamento in contanti entro e non oltre \u20ac 5.000,00,<br \/>\nBonifico bancario immediato, Assegni bancari, Carte di credito accettate: Visa, MasterCard;.<\/p>","protected":false},"excerpt":{"rendered":"<p>&#8211; Per una camera doppia ad uso singola sar\u00e0 applicato un supplemento compreso tra il 20% e il 100%, variabile in base al periodo e alla durata del soggiorno. &#8211; Nessun supplemento \u00e8 previsto per la camera singola basic &hellip; <\/p>\n<p><a href=\"https:\/\/www.hotel-lameridiana.com\/it\/ulteriori-note-e-supplementi-alle-tariffe-estive\/\" class=\"read_more_link\">Read more<\/a><\/p>\n","protected":false},"author":2,"featured_media":0,"parent":0,"menu_order":0,"comment_status":"closed","ping_status":"open","template":"","meta":{"footnotes":""},"class_list":["post-2366","page","type-page","status-publish","hentry"],"_links":{"self":[{"href":"https:\/\/www.hotel-lameridiana.com\/it\/wp-json\/wp\/v2\/pages\/2366","targetHints":{"allow":["GET"]}}],"collection":[{"href":"https:\/\/www.hotel-lameridiana.com\/it\/wp-json\/wp\/v2\/pages"}],"about":[{"href":"https:\/\/www.hotel-lameridiana.com\/it\/wp-json\/wp\/v2\/types\/page"}],"author":[{"embeddable":true,"href":"https:\/\/www.hotel-lameridiana.com\/it\/wp-json\/wp\/v2\/users\/2"}],"replies":[{"embeddable":true,"href":"https:\/\/www.hotel-lameridiana.com\/it\/wp-json\/wp\/v2\/comments?post=2366"}],"version-history":[{"count":0,"href":"https:\/\/www.hotel-lameridiana.com\/it\/wp-json\/wp\/v2\/pages\/2366\/revisions"}],"wp:attachment":[{"href":"https:\/\/www.hotel-lameridiana.com\/it\/wp-json\/wp\/v2\/media?parent=2366"}],"curies":[{"name":"wp","href":"https:\/\/api.w.org\/{rel}","templated":true}]}}