{"id":3364,"date":"2025-09-19T21:00:19","date_gmt":"2025-09-19T19:00:19","guid":{"rendered":"https:\/\/www.hotel-lameridiana.com\/it\/?page_id=3364"},"modified":"2026-03-21T15:04:54","modified_gmt":"2026-03-21T13:04:54","slug":"prezzi-inverno-2","status":"publish","type":"page","link":"https:\/\/www.hotel-lameridiana.com\/de\/winter-preis-2025-2026\/","title":{"rendered":"Winterpreise 2025\/2026"},"content":{"rendered":"<p><\/p>\n<h2><span style=\"font-size: 12pt;\">Kontaktieren Sie uns direkt <a href=\"https:\/\/www.hotel-lameridiana.com\/de\/kontakte\/\">HIER<\/a>, Sie erhalten garantiert den besten Preis Kontaktieren Sie uns direkt<\/span>\u00a0<span style=\"font-size: 12pt;\">ohne Provision<\/span><\/h2>\n<table style=\"height: 229px; width: 106.151%;\" border=\"1\">\n<caption><strong>Zimmer und Fr\u00fchst\u00fcck<\/strong><\/caption>\n<tbody>\n<tr style=\"height: 19px; background-color: #a32e2e;\">\n<th style=\"width: 32.8208%; height: 40px; border-style: double; border-color: #0e1deb; text-align: center; background-color: #10698f;\"><span style=\"color: #ffffff;\">Von \/ Bis (Periodo)<\/span><\/th>\n<th style=\"width: 24.581%; height: 40px; border-style: double; border-color: #0e1deb; text-align: center; background-color: #10698f;\"><span style=\"color: #ffffff;\">Mindestsatz,<\/span><\/th>\n<th style=\"width: 25.0096%; height: 40px; border-style: groove; border-color: #0e1deb; text-align: center; background-color: #10698f;\"><span style=\"color: #ffffff;\">H\u00f6chstsatz<\/span><\/th>\n<th style=\"width: 10.6001%; height: 40px; border-style: double; border-color: #0e1deb; text-align: center; background-color: #10698f;\"><span style=\"color: #ffffff;\">Skipasspreis inklusive<\/span><\/th>\n<\/tr>\n<tr style=\"height: 40px;\">\n<td style=\"width: 32.8208%; text-align: center; background-color: #ffffff; height: 31px;\"><span style=\"color: #000000;\">Von Saisonbeginn bis 26.12<\/span><\/td>\n<td style=\"width: 24.581%; text-align: center; background-color: #ffffff; height: 31px;\"><span style=\"color: #000000;\">\\<\/span><\/td>\n<td style=\"width: 25.0096%; text-align: center; background-color: #ffffff; height: 31px;\"><span style=\"color: #000000;\">\\<\/span><\/td>\n<td style=\"width: 10.6001%; text-align: center; background-color: #ffffff; height: 31px;\"><a href=\"https:\/\/www.hotel-lameridiana.com\/de\/forderung-hotelskipass-2025-2026\/\">klicken Sie hier<\/a><\/td>\n<\/tr>\n<tr style=\"height: 19px; border-style: double;\">\n<td style=\"width: 32.8208%; height: 10px; text-align: center; background-color: #bfe3dc;\"><span style=\"color: #000000;\">22.12 &#8211; 26.12 (4 Tage)<\/span><\/td>\n<td style=\"width: 24.581%; height: 10px; text-align: center; background-color: #bfe3dc;\"><span style=\"color: #000000;\">\u20ac 340,00<\/span><\/td>\n<td style=\"width: 25.0096%; height: 10px; text-align: center; background-color: #bfe3dc;\"><span style=\"color: #000000;\">\u20ac 372,00<\/span><\/td>\n<td style=\"width: 10.6001%; height: 10px; text-align: center; background-color: #bfe3dc;\"><span style=\"color: #000000;\">\\<\/span><\/td>\n<\/tr>\n<tr style=\"height: 20px;\">\n<td style=\"background-color: #ffffff; width: 32.8208%; height: 19px; text-align: center;\"><span style=\"color: #000000;\">26.12 &#8211; 02.01 (7 Tage)<\/span><\/td>\n<td style=\"background-color: #ffffff; width: 24.581%; height: 19px; text-align: center;\"><span style=\"color: #000000;\">\u00a0\u20ac 854,00<\/span><\/td>\n<td style=\"background-color: #ffffff; width: 25.0096%; height: 19px; text-align: center;\"><span style=\"color: #000000;\">\u20ac 910,00<\/span><\/td>\n<td style=\"background-color: #ffffff; width: 10.6001%; height: 19px; text-align: center;\"><span style=\"color: #000000;\">\\<\/span><\/td>\n<\/tr>\n<tr style=\"height: 19px; background-color: #ffffff;\">\n<td style=\"width: 32.8208%; height: 19px; text-align: center; background-color: #bfe3dc;\"><span style=\"color: #000000;\">02.01 &#8211; 06.01 (4 Tage)\u00a0<\/span><\/td>\n<td style=\"width: 24.581%; height: 19px; text-align: center; background-color: #bfe3dc;\"><span style=\"color: #000000;\">\u00a0\u20ac 488,00<\/span><\/td>\n<td style=\"width: 25.0096%; height: 19px; text-align: center; background-color: #bfe3dc;\"><span style=\"color: #000000;\">\u20ac 520,00<\/span><\/td>\n<td style=\"width: 10.6001%; height: 19px; text-align: center; background-color: #bfe3dc;\"><span style=\"color: #000000;\">\\<\/span><\/td>\n<\/tr>\n<tr style=\"height: 19px;\">\n<td style=\"background-color: #ffffff; width: 32.8208%; height: 22px; text-align: center;\"><span style=\"color: #000000;\">06.01 &#8211; 31.01<\/span><\/td>\n<td style=\"background-color: #ffffff; width: 24.581%; height: 22px; text-align: center;\"><span style=\"color: #000000;\">\u00a0\\<\/span><\/td>\n<td style=\"background-color: #ffffff; width: 25.0096%; height: 22px; text-align: center;\"><span style=\"color: #000000;\">\\<\/span><\/td>\n<td style=\"background-color: #ffffff; width: 10.6001%; height: 22px; text-align: center;\"><a href=\"https:\/\/www.hotel-lameridiana.com\/de\/forderung-hotelskipass-2025-2026\/\">klicken Sie hier<\/a><\/td>\n<\/tr>\n<tr style=\"height: 20px;\">\n<td style=\"width: 32.8208%; height: 19px; text-align: center; background-color: #bfe3dc;\"><span style=\"color: #000000;\">31.01 &#8211; 14.02 (7 Tage)<\/span><\/td>\n<td style=\"width: 24.581%; height: 19px; text-align: center; background-color: #bfe3dc;\"><span style=\"color: #000000;\">\u20ac 574,00<\/span><\/td>\n<td style=\"width: 25.0096%; height: 19px; text-align: center; background-color: #bfe3dc;\"><span style=\"color: #000000;\">\u20ac 630,00<\/span><\/td>\n<td style=\"width: 10.6001%; height: 19px; text-align: center; background-color: #bfe3dc;\"><span style=\"color: #000000;\">\\<\/span><\/td>\n<\/tr>\n<tr style=\"height: 19px;\">\n<td style=\"width: 32.8208%; height: 19px; text-align: center;\"><span style=\"color: #000000;\">14.02 &#8211; 21.02 (7 Tage)<\/span><\/td>\n<td style=\"width: 24.581%; height: 19px; text-align: center;\"><span style=\"color: #000000;\">\u20ac 749,00<\/span><\/td>\n<td style=\"width: 25.0096%; height: 19px; text-align: center;\"><span style=\"color: #000000;\">\u20ac 805,00<\/span><\/td>\n<td style=\"width: 10.6001%; height: 19px; text-align: center;\"><span style=\"color: #000000;\">\\<\/span><\/td>\n<\/tr>\n<tr style=\"height: 20px;\">\n<td style=\"width: 32.8208%; text-align: center; height: 20px; background-color: #bfe3dc;\"><span style=\"color: #000000;\">21.02 &#8211; 28.02 (7 Tage)<br \/>\n<\/span><\/td>\n<td style=\"width: 24.581%; height: 20px; text-align: center; background-color: #bfe3dc;\"><span style=\"color: #000000;\">\u20ac 595,00<\/span><\/td>\n<td style=\"width: 25.0096%; text-align: center; height: 20px; background-color: #bfe3dc;\"><span style=\"color: #000000;\">\u20ac 651,00<\/span><\/td>\n<td style=\"width: 10.6001%; text-align: center; height: 20px; background-color: #bfe3dc;\"><span style=\"color: #000000;\">\\<\/span><\/td>\n<\/tr>\n<tr style=\"height: 19px;\">\n<td style=\"width: 32.8208%; height: 10px; text-align: center;\"><span style=\"color: #000000;\">28.02 &#8211; 16.03 (7 Tage)<\/span><\/td>\n<td style=\"width: 24.581%; height: 10px; text-align: center;\"><span style=\"color: #000000;\">\u20ac 469,00<\/span><\/td>\n<td style=\"width: 25.0096%; height: 10px; text-align: center;\"><span style=\"color: #000000;\">\u20ac 525,00<\/span><\/td>\n<td style=\"width: 10.6001%; height: 10px; text-align: center;\"><span style=\"color: #000000;\">\\<\/span><\/td>\n<\/tr>\n<tr style=\"height: 20px;\">\n<td style=\"width: 32.8208%; text-align: center; background-color: #bfe3dc; height: 20px;\"><span style=\"color: #000000;\">16.03 &#8211; 06.04<\/span><\/td>\n<td style=\"width: 24.581%; text-align: center; background-color: #bfe3dc; height: 20px;\"><span style=\"color: #000000;\">\\<\/span><\/td>\n<td style=\"width: 25.0096%; text-align: center; background-color: #bfe3dc; height: 20px;\">\\<\/td>\n<td style=\"width: 10.6001%; text-align: center; background-color: #bfe3dc; height: 20px;\"><a href=\"https:\/\/www.hotel-lameridiana.com\/de\/forderung-hotelskipass-2025-2026\/\">klicken Sie hier<\/a><\/td>\n<\/tr>\n<\/tbody>\n<\/table>\n<div data-widgetkit=\"accordion\" data-options=\"{&quot;width&quot;:&quot;auto&quot;,&quot;style&quot;:&quot;default&quot;,&quot;collapseall&quot;:1,&quot;matchheight&quot;:1,&quot;index&quot;:0,&quot;duration&quot;:500,&quot;order&quot;:&quot;default&quot;}\">\n<div id=\"accordion-4-57fd2bdf951d4\" class=\"wk-accordion wk-accordion-default clearfix\" data-widgetkit=\"accordion\" data-options=\"{&quot;width&quot;:&quot;auto&quot;,&quot;style&quot;:&quot;default&quot;,&quot;collapseall&quot;:1,&quot;matchheight&quot;:1,&quot;index&quot;:0,&quot;duration&quot;:500,&quot;order&quot;:&quot;default&quot;}\"><\/div>\n<div data-widgetkit=\"accordion\" data-options=\"{&quot;width&quot;:&quot;auto&quot;,&quot;style&quot;:&quot;default&quot;,&quot;collapseall&quot;:1,&quot;matchheight&quot;:1,&quot;index&quot;:0,&quot;duration&quot;:500,&quot;order&quot;:&quot;default&quot;}\"><\/div>\n<div class='table '><\/div>\n<\/div>\n<p>Die Preise und Bedingungen k\u00f6nnen sich \u00e4ndern.<\/p>\n<p>Hinweise zu den Winterpreisen:<\/p>\n<p>Die angegebenen Preise verstehen sich inklusive Halbpension und verstehen sich pro Person und Woche oder angegebenem Zeitraum. Auf Anfrage ist ein k\u00fcrzerer Aufenthalt m\u00f6glich. F\u00fcr Zeitr\u00e4ume, in denen der Skipass inbegriffen ist, schauen Sie bitte im Abschnitt \u201ePreise inklusive Skipass\u201c nach und fragen Sie uns nach speziellen Erm\u00e4\u00dfigungen f\u00fcr Senioren \u00fcber 64 Jahre und f\u00fcr Kinder, die Zustellbetten belegen.<br \/>\nHinweis: In den inkludierten Skipass-Zeitr\u00e4umen gelten f\u00fcr Zustellbetten abweichende Erm\u00e4\u00dfigungen von den normalen Erm\u00e4\u00dfigungen.<br \/>\nErm\u00e4\u00dfigungen nur f\u00fcr 1\/2 Pension or zimmer und Fr\u00fchst\u00fcck, f\u00fcr Zustellbetten nur im Zimmer der Eltern: 0 &#8211; 1,99 Jahre 70 % Erm\u00e4\u00dfigung; 2 &#8211; 4,99 Jahre 50 % Rabatt; 5 &#8211; 11,99 Jahre 20 % Rabatt; ab 12 Jahren 10 % Rabatt.<br \/>\nKurtaxe: 2,00 \u20ac pro Person und Tag, ab dem achten Tag entf\u00e4llt die Geb\u00fchr, Kinder bis 12 Jahre sind von der Kurtaxe befreit.<\/p>\n<p><a href=\"http:\/\/www.hotel-lameridiana.com\/de\/note-alle-liste-dei-prezzi-inverno\/\">Weitere Hinweise zu den Winterpreise<\/a><\/p>","protected":false},"excerpt":{"rendered":"<p>Kontaktieren Sie uns direkt HIER, Sie erhalten garantiert den besten Preis Kontaktieren Sie uns direkt\u00a0ohne Provision Zimmer und Fr\u00fchst\u00fcck Von \/ Bis (Periodo) Mindestsatz, H\u00f6chstsatz Skipasspreis inklusive Von Saisonbeginn bis 26.12 \\ \\ klicken Sie hier 22.12 &#8211; 26.12 &hellip; <\/p>\n<p><a href=\"https:\/\/www.hotel-lameridiana.com\/de\/winter-preis-2025-2026\/\" class=\"read_more_link\">Read more<\/a><\/p>\n","protected":false},"author":2,"featured_media":0,"parent":0,"menu_order":0,"comment_status":"closed","ping_status":"closed","template":"","meta":{"footnotes":""},"class_list":["post-3364","page","type-page","status-publish","hentry"],"_links":{"self":[{"href":"https:\/\/www.hotel-lameridiana.com\/de\/wp-json\/wp\/v2\/pages\/3364","targetHints":{"allow":["GET"]}}],"collection":[{"href":"https:\/\/www.hotel-lameridiana.com\/de\/wp-json\/wp\/v2\/pages"}],"about":[{"href":"https:\/\/www.hotel-lameridiana.com\/de\/wp-json\/wp\/v2\/types\/page"}],"author":[{"embeddable":true,"href":"https:\/\/www.hotel-lameridiana.com\/de\/wp-json\/wp\/v2\/users\/2"}],"replies":[{"embeddable":true,"href":"https:\/\/www.hotel-lameridiana.com\/de\/wp-json\/wp\/v2\/comments?post=3364"}],"version-history":[{"count":0,"href":"https:\/\/www.hotel-lameridiana.com\/de\/wp-json\/wp\/v2\/pages\/3364\/revisions"}],"wp:attachment":[{"href":"https:\/\/www.hotel-lameridiana.com\/de\/wp-json\/wp\/v2\/media?parent=3364"}],"curies":[{"name":"wp","href":"https:\/\/api.w.org\/{rel}","templated":true}]}}