{"id":3208,"date":"2025-09-26T11:44:11","date_gmt":"2025-09-26T09:44:11","guid":{"rendered":"http:\/\/www.hotel-lameridiana.com\/it\/?page_id=3208"},"modified":"2026-03-21T15:08:25","modified_gmt":"2026-03-21T13:08:25","slug":"english-tariffe-free-ski-e-promozione-gennaio","status":"publish","type":"page","link":"https:\/\/www.hotel-lameridiana.com\/de\/forderung-hotelskipass-2025-2026\/","title":{"rendered":"F\u00f6rderung Hotel&#038;Skipass inklusive, Winter 2025\/2026"},"content":{"rendered":"<p><\/p>\n<h2><span style=\"font-size: 12pt;\">Kontaktieren Sie uns direkt <a href=\"https:\/\/www.hotel-lameridiana.com\/de\/kontakte\/\">HIER<\/a>, Sie erhalten garantiert den besten Preis Kontaktieren Sie uns direkt<\/span>\u00a0<span style=\"font-size: 12pt;\">ohne Provision<\/span><\/h2>\n<div data-widgetkit=\"accordion\" data-options=\"{&quot;width&quot;:&quot;auto&quot;,&quot;style&quot;:&quot;default&quot;,&quot;collapseall&quot;:1,&quot;matchheight&quot;:1,&quot;index&quot;:0,&quot;duration&quot;:500,&quot;order&quot;:&quot;default&quot;}\">\n<table style=\"height: 69px; width: 90.8509%;\" border=\"1\">\n<caption><span style=\"color: #ffffff; text-align: start; background-color: #f8f8f8;\"><span style=\"color: #000000;\"><span style=\"color: #ffffff;\"><br \/>\n<strong><span style=\"color: #000000;\">&#8222;Erster Schnee&#8220;<\/span><\/strong><br \/>\n<strong><span style=\"color: #000000;\">Von Saisonbeginn bis 26.12.25 (au\u00dfer St. Ambrosius\/Immaculata)<\/span><\/strong><br \/>\n<strong><span style=\"color: #000000;\">Zimmer und Fr\u00fchst\u00fcck mit Skipass inklusive<\/span><\/strong><br \/>\n<\/span><\/span><\/span><\/caption>\n<tbody>\n<tr style=\"height: 26px; background-color: #a32e2e;\">\n<td style=\"width: 28.697%; height: 19px;\">Hotelaufenthalt<\/td>\n<td style=\"width: 17.9839%; height: 19px;\">Mindestpreis<\/td>\n<td style=\"width: 16.6859%; height: 19px;\">Maximalpreis<\/td>\n<td style=\"width: 25.6017%; height: 19px;\"><span style=\"color: #000000; text-align: left;\">note\/promo<\/span><\/td>\n<\/tr>\n<tr style=\"height: 19px;\">\n<td style=\"background-color: #e3e3ca; width: 28.697%; height: 10px;\">7 Tage Hotel und 6 Tage Skipass<\/td>\n<td style=\"background-color: #e3e3ca; width: 17.9839%; height: 10px;\">\u20ac 605,00<\/td>\n<td style=\"background-color: #e3e3ca; width: 16.6859%; height: 10px;\">\u20ac 660,00<\/td>\n<td style=\"background-color: #e3e3ca; width: 25.6017%; height: 10px;\"><\/td>\n<\/tr>\n<tr style=\"height: 19px;\">\n<td style=\"background-color: #ffffff; width: 28.697%; height: 10px;\"><span style=\"color: #000000;\">6 Tage hotel und 5 Tage Skipass<\/span><\/td>\n<td style=\"background-color: #ffffff; width: 17.9839%; height: 10px;\">\u20ac 520,00<\/td>\n<td style=\"background-color: #ffffff; width: 16.6859%; height: 10px;\">\u20ac 570,00<\/td>\n<td style=\"background-color: #ffffff; width: 25.6017%; height: 10px;\"><\/td>\n<\/tr>\n<tr style=\"height: 20px;\">\n<td style=\"width: 28.697%; background-color: #e3e3ca; height: 10px;\"><span style=\"color: #000000;\">5 Tage hotel und 4 Tage Skipass<\/span><\/td>\n<td style=\"width: 17.9839%; background-color: #e3e3ca; height: 10px;\">\u20ac 435,00<\/td>\n<td style=\"width: 16.6859%; background-color: #e3e3ca; height: 10px;\">\u20ac 475,00<\/td>\n<td style=\"width: 25.6017%; background-color: #e3e3ca; height: 10px;\"><\/td>\n<\/tr>\n<tr style=\"height: 20px;\">\n<td style=\"background-color: #ffffff; width: 28.697%; height: 10px;\"><span style=\"color: #000000;\">4 Tage hotel und 3 Tage Skipass<\/span><\/td>\n<td style=\"background-color: #ffffff; width: 17.9839%; height: 10px;\">\u20ac 345,00<\/td>\n<td style=\"background-color: #ffffff; width: 16.6859%; height: 10px;\">\u20ac 375,00<\/td>\n<td style=\"background-color: #ffffff; width: 25.6017%; height: 10px;\"><\/td>\n<\/tr>\n<tr style=\"height: 19px;\">\n<td style=\"width: 28.697%; background-color: #e3e3ca; height: 10px;\">4 Tage hotel und 3 tage Skipass<\/td>\n<td style=\"width: 17.9839%; background-color: #e3e3ca; height: 10px;\">\u20ac 320,00<\/td>\n<td style=\"width: 16.6859%; background-color: #e3e3ca; height: 10px;\">\u20ac 345,00<\/td>\n<td style=\"width: 25.6017%; background-color: #e3e3ca; height: 10px;\"><\/td>\n<\/tr>\n<\/tbody>\n<\/table>\n<p>&nbsp;<\/p>\n<\/div>\n<div data-widgetkit=\"accordion\" data-options=\"{&quot;width&quot;:&quot;auto&quot;,&quot;style&quot;:&quot;default&quot;,&quot;collapseall&quot;:1,&quot;matchheight&quot;:1,&quot;index&quot;:0,&quot;duration&quot;:500,&quot;order&quot;:&quot;default&quot;}\">\n<table style=\"height: 117px; width: 89.6937%;\" border=\"1\">\n<caption><strong>&#8222;Fr\u00fchlingsschnee\u201c Januar und M\u00e4rz 2026\u201c<\/strong><br \/>\n<strong>vom 06.01.2026 bis 31.01.2026 und vom 14.03.2026 bis 28.03.2026<br \/>\n<\/strong><strong>Zimmer und Fr\u00fchst\u00fcck mit Skipass inklusive<\/strong><\/caption>\n<tbody>\n<tr style=\"height: 26px; background-color: #a32e2e;\">\n<td style=\"height: 26px; text-align: left; width: 21.4491%;\">Hotelaufenthalt<\/td>\n<td style=\"height: 26px; text-align: left; width: 8.42198%;\">Mindestpreis<\/td>\n<td style=\"height: 26px; text-align: left; width: 10.6778%;\">Maximalpreis<\/td>\n<td style=\"text-align: left; width: 17.3587%; height: 26px;\">note\/promo<\/td>\n<\/tr>\n<tr style=\"height: 19px;\">\n<td style=\"height: 19px; background-color: #e3e3ca; width: 21.4491%;\">7 Tage Hotel und 6 Tage Skipass<\/td>\n<td style=\"height: 19px; background-color: #e3e3ca; width: 8.42198%;\">\u20ac 640,00<\/td>\n<td style=\"height: 19px; background-color: #e3e3ca; width: 10.6778%;\">\u20ac 695,00<\/td>\n<td style=\"background-color: #e3e3ca; width: 17.3587%; height: 19px;\"><\/td>\n<\/tr>\n<tr style=\"height: 18px;\">\n<td style=\"width: 21.4491%; background-color: #ffffff; height: 18px;\"><span style=\"color: #000000;\">6 Tage Hotel und 5 Tage Skipass<\/span><\/td>\n<td style=\"width: 8.42198%; background-color: #ffffff; height: 18px;\">\u20ac 550,00<\/td>\n<td style=\"width: 10.6778%; background-color: #ffffff; height: 18px;\">\u20ac 600,00<\/td>\n<td style=\"width: 17.3587%; background-color: #ffffff; height: 18px;\"><\/td>\n<\/tr>\n<tr style=\"height: 18px;\">\n<td style=\"background-color: #e3e3ca; width: 21.4491%; height: 18px;\"><span style=\"color: #000000;\">5 Tage Hotel und 4 Tage Skipass<\/span><\/td>\n<td style=\"background-color: #e3e3ca; width: 8.42198%; height: 18px;\">\u20ac 460,00<\/td>\n<td style=\"background-color: #e3e3ca; width: 10.6778%; height: 18px;\">\u20ac 500,00<\/td>\n<td style=\"background-color: #e3e3ca; width: 17.3587%; height: 18px;\"><\/td>\n<\/tr>\n<tr style=\"height: 18px;\">\n<td style=\"width: 21.4491%; background-color: #ffffff; height: 18px;\"><span style=\"color: #000000;\">4 Tage Hotel und 3 Tage Skipass<\/span><\/td>\n<td style=\"width: 8.42198%; background-color: #ffffff; height: 18px;\">\u20ac 365,00<\/td>\n<td style=\"width: 10.6778%; background-color: #ffffff; height: 18px;\">\u20ac 395,00<\/td>\n<td style=\"width: 17.3587%; background-color: #ffffff; height: 18px;\"><\/td>\n<\/tr>\n<tr style=\"height: 18px;\">\n<td style=\"background-color: #e3e3ca; width: 21.4491%; height: 18px;\">3 Tage hotel und 3 Tage Skipass<\/td>\n<td style=\"background-color: #e3e3ca; width: 8.42198%; height: 18px;\">\u20ac 335,00<\/td>\n<td style=\"background-color: #e3e3ca; width: 10.6778%; height: 18px;\">\u20ac 360,00<\/td>\n<td style=\"background-color: #e3e3ca; width: 17.3587%; height: 18px;\"><\/td>\n<\/tr>\n<\/tbody>\n<\/table>\n<p>&nbsp;<\/p>\n<\/div>\n<div data-widgetkit=\"accordion\" data-options=\"{&quot;width&quot;:&quot;auto&quot;,&quot;style&quot;:&quot;default&quot;,&quot;collapseall&quot;:1,&quot;matchheight&quot;:1,&quot;index&quot;:0,&quot;duration&quot;:500,&quot;order&quot;:&quot;default&quot;}\">\n<div data-widgetkit=\"accordion\" data-options=\"{&quot;width&quot;:&quot;auto&quot;,&quot;style&quot;:&quot;default&quot;,&quot;collapseall&quot;:1,&quot;matchheight&quot;:1,&quot;index&quot;:0,&quot;duration&quot;:500,&quot;order&quot;:&quot;default&quot;}\">\n<table style=\"height: 117px; width: 90.4461%;\" border=\"1\">\n<caption><strong>&#8222;Fr\u00fchlingsschnee\u201c<\/strong><br \/>\n<strong>vom 28.03.2026 bis 06.04.2026<\/strong><br \/>\n<strong>Zimmer und Fr\u00fchst\u00fcck mit Skipass inklusive<\/strong><\/caption>\n<tbody>\n<tr style=\"height: 26px; background-color: #a32e2e;\">\n<td style=\"text-align: left; width: 29.1358%; height: 19px;\">Hotelaufenthalt<\/td>\n<td style=\"text-align: left; width: 20.1235%; height: 19px;\">Mindestpreis<\/td>\n<td style=\"text-align: left; width: 24.5679%; height: 19px;\">Maximalpreis<\/td>\n<td style=\"text-align: left; width: 25.8025%; height: 19px;\"><span style=\"color: #000000; text-align: left;\">note\/promo<\/span><\/td>\n<\/tr>\n<tr style=\"height: 19px;\">\n<td style=\"background-color: #e3e3ca; width: 29.1358%; height: 19px;\">7 Tage Hotel und 6 Tage Skipass<\/td>\n<td style=\"background-color: #e3e3ca; width: 20.1235%; height: 19px;\">\u20ac 745,00<\/td>\n<td style=\"background-color: #e3e3ca; width: 24.5679%; height: 19px;\">\u20ac 800,00<\/td>\n<td style=\"background-color: #e3e3ca; width: 25.8025%; height: 19px;\"><\/td>\n<\/tr>\n<tr style=\"height: 19px;\">\n<td style=\"background-color: #ffffff; width: 29.1358%; height: 19px;\">6 Tage Hotel und 5 Tage Skipass<\/td>\n<td style=\"background-color: #ffffff; width: 20.1235%; height: 19px;\">\u20ac 640,00<\/td>\n<td style=\"background-color: #ffffff; width: 24.5679%; height: 19px;\">\u20ac 690,00<\/td>\n<td style=\"background-color: #ffffff; width: 25.8025%; height: 19px;\"><\/td>\n<\/tr>\n<tr style=\"height: 19px;\">\n<td style=\"background-color: #e3e3ca; width: 29.1358%; height: 19px;\">5 Tage Hotel und 4 Tage Skipass<\/td>\n<td style=\"background-color: #e3e3ca; width: 20.1235%; height: 19px;\">\u20ac 535,00<\/td>\n<td style=\"background-color: #e3e3ca; width: 24.5679%; height: 19px;\">\u20ac 575,00<\/td>\n<td style=\"background-color: #e3e3ca; width: 25.8025%; height: 19px;\"><\/td>\n<\/tr>\n<tr style=\"height: 20px;\">\n<td style=\"width: 29.1358%; background-color: #ffffff; height: 20px;\">4 Tage Hotel und 3 Tage Skipass<\/td>\n<td style=\"width: 20.1235%; background-color: #ffffff; height: 20px;\">\u20ac 425,00<\/td>\n<td style=\"width: 24.5679%; background-color: #ffffff; height: 20px;\">\u20ac 455,00<\/td>\n<td style=\"width: 25.8025%; background-color: #ffffff; height: 20px;\"><\/td>\n<\/tr>\n<tr style=\"background-color: #e3e3ca;\">\n<td style=\"width: 29.1358%; background-color: #e3e3ca; text-align: left;\">3 Tage Hotel und 3 Tage Skipass<\/td>\n<td style=\"width: 20.1235%; background-color: #e3e3ca; text-align: left;\">\u20ac 390,00<\/td>\n<td style=\"width: 24.5679%; background-color: #e3e3ca;\">\u20ac 415,00<\/td>\n<td style=\"width: 25.8025%; background-color: #e3e3ca; text-align: center;\"><\/td>\n<\/tr>\n<\/tbody>\n<\/table>\n<div data-widgetkit=\"accordion\" data-options=\"{&quot;width&quot;:&quot;auto&quot;,&quot;style&quot;:&quot;default&quot;,&quot;collapseall&quot;:1,&quot;matchheight&quot;:1,&quot;index&quot;:0,&quot;duration&quot;:500,&quot;order&quot;:&quot;default&quot;}\">\n<div data-widgetkit=\"accordion\" data-options=\"{&quot;width&quot;:&quot;auto&quot;,&quot;style&quot;:&quot;default&quot;,&quot;collapseall&quot;:1,&quot;matchheight&quot;:1,&quot;index&quot;:0,&quot;duration&quot;:500,&quot;order&quot;:&quot;default&quot;}\"><\/div>\n<\/div>\n<div class='table '><\/div>\n<\/div>\n<\/div>\n<p>Die Preise und Bedingungen k\u00f6nnen sich \u00e4ndern.<\/p>\n<p>Hinweise und Erm\u00e4\u00dfigungen auf die Tarife mit Skipass inklusive:<\/p>\n<p>Die Preise verstehen sich pro Person f\u00fcr den angegebenen Zeitraum, inklusive Zimmer und Fr\u00fchst\u00fcck mit Skipass.<br \/>\nFordern Sie spezielle Erm\u00e4\u00dfigungen f\u00fcr Senioren \u00fcber 64 Jahre sowie f\u00fcr Kinder und Jugendliche an.<br \/>\nNur Reservierungen mit Anzahlung sind verbindlich;<br \/>\nKurtaxe 2,00 \u20ac pro Person und Tag, ab dem achten Tag entf\u00e4llt die Geb\u00fchr, Kinder bis 12 Jahre sind von der Kurtaxe befreit.<\/p>","protected":false},"excerpt":{"rendered":"<p>Kontaktieren Sie uns direkt HIER, Sie erhalten garantiert den besten Preis Kontaktieren Sie uns direkt\u00a0ohne Provision &#8222;Erster Schnee&#8220; Von Saisonbeginn bis 26.12.25 (au\u00dfer St. Ambrosius\/Immaculata) Zimmer und Fr\u00fchst\u00fcck mit Skipass inklusive Hotelaufenthalt Mindestpreis Maximalpreis note\/promo 7 Tage Hotel und &hellip; <\/p>\n<p><a href=\"https:\/\/www.hotel-lameridiana.com\/de\/forderung-hotelskipass-2025-2026\/\" class=\"read_more_link\">Read more<\/a><\/p>\n","protected":false},"author":3,"featured_media":0,"parent":0,"menu_order":0,"comment_status":"closed","ping_status":"closed","template":"","meta":{"footnotes":""},"class_list":["post-3208","page","type-page","status-publish","hentry"],"_links":{"self":[{"href":"https:\/\/www.hotel-lameridiana.com\/de\/wp-json\/wp\/v2\/pages\/3208","targetHints":{"allow":["GET"]}}],"collection":[{"href":"https:\/\/www.hotel-lameridiana.com\/de\/wp-json\/wp\/v2\/pages"}],"about":[{"href":"https:\/\/www.hotel-lameridiana.com\/de\/wp-json\/wp\/v2\/types\/page"}],"author":[{"embeddable":true,"href":"https:\/\/www.hotel-lameridiana.com\/de\/wp-json\/wp\/v2\/users\/3"}],"replies":[{"embeddable":true,"href":"https:\/\/www.hotel-lameridiana.com\/de\/wp-json\/wp\/v2\/comments?post=3208"}],"version-history":[{"count":0,"href":"https:\/\/www.hotel-lameridiana.com\/de\/wp-json\/wp\/v2\/pages\/3208\/revisions"}],"wp:attachment":[{"href":"https:\/\/www.hotel-lameridiana.com\/de\/wp-json\/wp\/v2\/media?parent=3208"}],"curies":[{"name":"wp","href":"https:\/\/api.w.org\/{rel}","templated":true}]}}