{"id":2366,"date":"2015-09-23T16:04:43","date_gmt":"2015-09-23T16:04:43","guid":{"rendered":"http:\/\/hmeridiana.wpengine.com\/?page_id=2366"},"modified":"2026-04-14T17:51:48","modified_gmt":"2026-04-14T15:51:48","slug":"note-alle-liste-dei-prezzi","status":"publish","type":"page","link":"https:\/\/www.hotel-lameridiana.com\/de\/beachten-sie-die-preisliste-sommer\/","title":{"rendered":"Weitere Hinweise zu Sommerraten"},"content":{"rendered":"<p>-F\u00fcr ein Doppelzimmer zur Einzelbelegung wird von 20% bis 100% in Abh\u00e4ngigkeit von der Zeit und der L\u00e4nge des Aufenthalts in Rechnung gestellt und ob es mit oder ohne Balkon;<\/p>\n<p>&#8211; Kein Zuschlag f\u00fcr ein Einzelzimmer mit 1 Bett;<\/p>\n<p>-Zimmer mit Balkon, manchmal mit einem Aufschlag verbunden sein;<\/p>\n<p>&#8211; Garage mit Erg\u00e4nzung \u20ac 11,00 pro Tag<\/p>\n<p><strong><span style=\"text-decoration: underline;\">Wellness-Bereich\u00a0<span style=\"color: #ff0000; text-decoration: underline;\">(auf Reservierung)<\/span><\/span><\/strong><\/p>\n<p>&#8211; Der Relaxbereich unseres Wellness-Center wird folgend Kosten pro Person hat<\/p>\n<p><span style=\"text-decoration: underline;\">F\u00fcr G\u00e4ste Hotel &#8222;La Meridiana&#8220;<\/span><br \/>\nPaket 3 Eing\u00e4nge 42,00 \u20ac pro Person, \u20ac 19,00 pro Person Eintritt f\u00fcr einzelne Eing\u00e4nge, wird zu Ihrer Verf\u00fcgung ein weicher Bademantel, der Schwamm, Dusche und Hausschuhe sein;<\/p>\n<p><span style=\"text-decoration: underline;\">F\u00fcr externe G\u00e4ste<\/span><br \/>\nab \u20ac 25,00 bis \u20ac 30,00 pro Person Eintritt wird zu Ihrer Verf\u00fcgung aus dem Schwamm, Dusche und Hausschuhe sein; (Bademantel zus\u00e4tzliche 3,50 \u20ac.)<\/p>\n<p><strong>Informationen und Bedingungen\u00f9<\/strong><\/p>\n<p>&#8211; w\u00f6chentliche Ankunft, in der Regel Samstag, jeder andere Wochentag, der Verf\u00fcgbarkeit unterliegt, kann angefordert werden;<br \/>\n&#8211; Mahlzeiten oder \u00dcbernachtungen nicht verbraucht wird nicht von der Gesamtrechnung abgezogen werden kann, kann Mahlzeiten durch ein Lunchpaket ersetzt werden;<br \/>\n&#8211; Am Tag der Ankunft Zimmer stehen ab 15.30 Uhr selbstverst\u00e4ndlich sein, wenn sie bereits frei sind, k\u00f6nnen Sie auch Besitz es am Morgen zu nehmen.<br \/>\n&#8211; Am Tag der Abreise, bitte r\u00e4umen Sie Ihr Zimmer bis 10.00 Uhr<\/p>\n<p><strong>Die Best\u00e4tigung der Buchung:<\/strong><\/p>\n<p>&#8211; Die Buchung schriftlich best\u00e4tigt wird, wird der zu zahlende Betrag immer von der Unterkunft und geschrieben best\u00e4tigt werden; Die Anzahlung kann per Postanweisung , Bank\u00fcberweisung oder per Kreditkarte (Visa, Mastercard)<\/p>\n<p><strong>Stornierungsbedingungen<\/strong> :<br \/>\n&#8211; Im Allgemeinen vorherrschende europ\u00e4ische Vorschriften f\u00fcr Hotelaufenthalte , in dem wir Sie informieren, dass Stornierungen innerhalb von 20 Tagen vor der Ankunft nicht kriminalisiert werden,<\/p>\n<p><strong>Stornierungsbedingungen Sommerperioden\u00a0 :<\/strong><\/p>\n<p>Im Falle einer Stornierung werden die folgenden Stornogeb\u00fchren werden berechnet:<\/p>\n<p>Bis zu 20 Tage vor Ankunftohne Berechnung<br \/>\nVon 19 bis 14 Tage vor Anreise: 50% des Reisepreises<br \/>\nAb 14 Tage vor Anreise oder Nichterscheinen: 100 % des Aufenthaltspreises<\/p>\n<p><strong>Modus der Zahlung<\/strong><br \/>\nWir nehmen die folgenden Zahlungsmethoden:<br \/>\nBargeldzahlung nicht sp\u00e4ter als \u20ac 5.000,00<br \/>\nBankschecks, Kreditkarten: Visa, Mastercard.<\/p>","protected":false},"excerpt":{"rendered":"<p>-F\u00fcr ein Doppelzimmer zur Einzelbelegung wird von 20% bis 100% in Abh\u00e4ngigkeit von der Zeit und der L\u00e4nge des Aufenthalts in Rechnung gestellt und ob es mit oder ohne Balkon; &#8211; Kein Zuschlag f\u00fcr ein Einzelzimmer mit 1 Bett; &hellip; <\/p>\n<p><a href=\"https:\/\/www.hotel-lameridiana.com\/de\/beachten-sie-die-preisliste-sommer\/\" class=\"read_more_link\">Read more<\/a><\/p>\n","protected":false},"author":2,"featured_media":0,"parent":0,"menu_order":0,"comment_status":"closed","ping_status":"open","template":"","meta":{"footnotes":""},"class_list":["post-2366","page","type-page","status-publish","hentry"],"_links":{"self":[{"href":"https:\/\/www.hotel-lameridiana.com\/de\/wp-json\/wp\/v2\/pages\/2366","targetHints":{"allow":["GET"]}}],"collection":[{"href":"https:\/\/www.hotel-lameridiana.com\/de\/wp-json\/wp\/v2\/pages"}],"about":[{"href":"https:\/\/www.hotel-lameridiana.com\/de\/wp-json\/wp\/v2\/types\/page"}],"author":[{"embeddable":true,"href":"https:\/\/www.hotel-lameridiana.com\/de\/wp-json\/wp\/v2\/users\/2"}],"replies":[{"embeddable":true,"href":"https:\/\/www.hotel-lameridiana.com\/de\/wp-json\/wp\/v2\/comments?post=2366"}],"version-history":[{"count":0,"href":"https:\/\/www.hotel-lameridiana.com\/de\/wp-json\/wp\/v2\/pages\/2366\/revisions"}],"wp:attachment":[{"href":"https:\/\/www.hotel-lameridiana.com\/de\/wp-json\/wp\/v2\/media?parent=2366"}],"curies":[{"name":"wp","href":"https:\/\/api.w.org\/{rel}","templated":true}]}}